{"id":143,"date":"2016-08-04T03:04:24","date_gmt":"2016-08-04T03:04:24","guid":{"rendered":"http:\/\/sw-themes.com\/porto_dummy\/?page_id=143"},"modified":"2024-07-05T17:18:19","modified_gmt":"2024-07-05T14:18:19","slug":"home","status":"publish","type":"page","link":"http:\/\/www.vegamakina.com\/","title":{"rendered":"Ana Sayfa"},"content":{"rendered":"<p>[vc_row wrap_container=&#8221;yes&#8221; text_align=&#8221;center&#8221; is_section=&#8221;yes&#8221; section_color_scale=&#8221;scale-9&#8243; remove_margin_bottom=&#8221;yes&#8221; remove_border=&#8221;yes&#8221; css=&#8221;.vc_custom_1640842612066{margin-top: -20px !important;}&#8221;][vc_column width=&#8221;1\/2&#8243;][vc_custom_heading text=&#8221;Hakk\u0131m\u0131zda&#8221; font_container=&#8221;tag:h2|text_align:center&#8221; use_theme_fonts=&#8221;yes&#8221; skin=&#8221;light&#8221; el_class=&#8221;font-weight-semibold m-b-none&#8221;][vc_separator color=&#8221;custom&#8221; border_width=&#8221;3&#8243; type=&#8221;small&#8221; accent_color=&#8221;#aa4020&#8243; el_class=&#8221;m-b-lg&#8221; css=&#8221;.vc_custom_1524825597576{margin-top: -15px !important;}&#8221;][vc_column_text el_class=&#8221;text-light&#8221;]<\/p>\n<p style=\"text-align: justify;\">Vega Grup;<br \/>\n2008 Mart ay\u0131nda K\u00fc\u00e7\u00fck Sanayi sitesinde kurulmu\u015ftur. Kurulum amac\u0131, \u00f6zel proje bazl\u0131 makine imalat\u0131 olarak sekt\u00f6re girmi\u015ftir. Ard\u0131ndan, sekt\u00f6rdeki otomasyon i\u015flerinin \u00f6nemini anlayarak, kendi b\u00fcnyesine otomasyon i\u015flerini de katarak, yoluna devam etmeyi s\u00fcrd\u00fcrm\u00fc\u015ft\u00fcr.<\/p>\n<p>[\/vc_column_text][vc_btn title=&#8221;Neden Biz?&#8221; style=&#8221;flat&#8221; shape=&#8221;square&#8221; i_align=&#8221;right&#8221; i_icon_fontawesome=&#8221;fa fa-angle-right&#8221; skin=&#8221;primary&#8221; add_icon=&#8221;true&#8221; link=&#8221;url:http%3A%2F%2Fwww.vegamakina.com%2Fhakkimizda%2F|||&#8221; el_class=&#8221;m-b-sm&#8221;][\/vc_column][vc_column width=&#8221;1\/2&#8243;][vc_single_image image=&#8221;371&#8243; img_size=&#8221;full&#8221; alignment=&#8221;center&#8221; hover_effect=&#8221;yes&#8221;][\/vc_column][\/vc_row][vc_row wrap_container=&#8221;yes&#8221;][vc_column width=&#8221;1\/12&#8243;][\/vc_column][vc_column width=&#8221;5\/6&#8243; text_align=&#8221;center&#8221;][vc_tabs position=&#8221;top-center&#8221; type=&#8221;tabs-simple&#8221; icon_style=&#8221;featured-boxes-style-6&#8243; icon_effect=&#8221;featured-box-effect-6&#8243; el_class=&#8221;m-t-xl m-b-none&#8221;][vc_tab show_icon=&#8221;yes&#8221; icon_type=&#8221;simpleline&#8221; icon_simpleline=&#8221;Simple-Line-Icons-settings&#8221; icon_skin=&#8221;primary&#8221; title=&#8221;Makine&#8221; tab_id=&#8221;5c6f91ec-b099-10&#8243;][vc_column_text 0=&#8221;&#8221;]<\/p>\n<div class=\"isotope-item categ-3\">\n<div class=\"portfolio-item\">\n<div class=\"portfolio-item-details\">\n<p style=\"text-align: center;\">Sanayi Makinalar\u0131 gibi \u00e7ok \u00e7e\u015fitli \u00fcr\u00fcnlerin sat\u0131\u015f\u0131n\u0131n yan\u0131 s\u0131ra, gerekli durumlarda devreye alma ve yaz\u0131l\u0131m hizmetleri veren firmam\u0131z\u0131n, m\u00fc\u015fterileri grubunu a\u011f\u0131rl\u0131kl\u0131 olarak makine imalat\u00e7\u0131lar\u0131, proje firmalar\u0131 ve fabrikalar olu\u015fturmaktad\u0131r.<\/p>\n<\/div>\n<\/div>\n<\/div>\n<div class=\"isotope-item categ-2\">\n<div class=\"portfolio-item\">\n<div class=\"portfolio-item-thumbnail\"><\/div>\n<\/div>\n<\/div>\n<p>[\/vc_column_text][\/vc_tab][vc_tab show_icon=&#8221;yes&#8221; icon_type=&#8221;simpleline&#8221; icon_simpleline=&#8221;Simple-Line-Icons-disc&#8221; icon_skin=&#8221;primary&#8221; title=&#8221;Kal\u0131p&#8221; tab_id=&#8221;1448500685232-3-10&#8243;][vc_column_text 0=&#8221;&#8221;]<\/p>\n<div class=\"isotope-item categ-2\" style=\"text-align: center;\">\n<div class=\"portfolio-item\">\n<div class=\"portfolio-item-details\">\n<p>CNC makinelerin daha verimli,daha h\u0131zl\u0131,ve hatas\u0131z programlabilme \u00f6zelli\u011fi ile CAD ve CAM programlar\u0131 kullanarak kal\u0131p imalat\u0131,kal\u0131p ve kal\u0131p\u00e7\u0131l\u0131k,plastik enjeksiyon,fason bask\u0131,kal\u0131p tasar\u0131m\u0131,CNC makine ile fason bask\u0131<\/p>\n<\/div>\n<\/div>\n<\/div>\n<p>[\/vc_column_text][\/vc_tab][vc_tab show_icon=&#8221;yes&#8221; icon_type=&#8221;simpleline&#8221; icon_simpleline=&#8221;Simple-Line-Icons-size-actual&#8221; icon_skin=&#8221;primary&#8221; title=&#8221;Otomasyon&#8221; tab_id=&#8221;1448500661384-2-7&#8243;][vc_column_text 0=&#8221;&#8221;]<\/p>\n<p style=\"text-align: center;\">Otomasyon sistemlerimiz: PLC Kontroll\u00fc Otomasyon Sistemleri,CNC ontroll\u00fc Otomasyon Sistemleri, A.C.,D.C.,Servomotor Kontrol Sistemleri,Skada ve Bilgisayar Sistemleri,Komple Tesis Otomasyonlar\u0131,Makine Otomasyonlar\u0131<\/p>\n<p>[\/vc_column_text][\/vc_tab][vc_tab show_icon=&#8221;yes&#8221; icon_type=&#8221;simpleline&#8221; icon_simpleline=&#8221;Simple-Line-Icons-layers&#8221; icon_skin=&#8221;primary&#8221; title=&#8221;Reklam&#8221; tab_id=&#8221;35bafd17-da71-6&#8243;][vc_column_text 0=&#8221;&#8221;]<\/p>\n<p style=\"text-align: center;\">Manuel, pn\u00f6matik, hidrolik ve PLC kontroll\u00fc; kaynak montaj fikst\u00fcrleri , kontrol fikst\u00fcrleri, montaj aparatlar\u0131 imalat\u0131n\u0131 yapmaktay\u0131z.<\/p>\n<p>[\/vc_column_text][\/vc_tab][\/vc_tabs][\/vc_column][vc_column width=&#8221;1\/12&#8243;][\/vc_column][\/vc_row][vc_row disable_element=&#8221;yes&#8221; wrap_container=&#8221;yes&#8221; is_section=&#8221;yes&#8221; section_skin=&#8221;parallax&#8221; remove_margin_top=&#8221;yes&#8221; remove_margin_bottom=&#8221;yes&#8221; remove_border=&#8221;yes&#8221;][vc_column width=&#8221;1\/4&#8243; el_class=&#8221;m-t-sm&#8221; animation_type=&#8221;fadeInUp&#8221;]<div class=\"stats-block stats-top  m-b-xs \"><div class=\"aio-icon-top\"><div class=\"ult-just-icon-wrapper  \"><div class=\"align-icon\" style=\"text-align:center;\">\n<div class=\"aio-icon none \"  style=\"color:#2e353e;font-size:35px;display:inline-block;\">\n\t<i class=\"Simple-Line-Icons-settings\"><\/i>\n<\/div><\/div><\/div><\/div><div class=\"stats-desc\" id=\"counter-responsv-wrap-8242\"><div id=\"counter_14503439269e73d85e9d40\" data-id=\"counter_14503439269e73d85e9d40\"  data-ultimate-target='#counter-responsv-wrap-8242 .stats-number'  data-responsive-json-new='{\"font-size\":\"\",\"line-height\":\"\"}'  class=\"stats-number ult-responsive\" style=\"font-size:50px; color:#2e353e; font-weight:bold;color:#2e353e;\" data-speed=\"3\" data-counter-value=\"2500\" data-separator=\"none\" data-decimal=\"none\">0<\/div><div counter-responsv-wrap-8242  data-ultimate-target='#counter-responsv-wrap-8242 .stats-text'  data-responsive-json-new='{\"font-size\":\"\",\"line-height\":\"\"}'  class=\"stats-text ult-responsive\" style=\"font-size:20px; color:#2e353e; \">Makine<\/div><\/div><\/div>[\/vc_column][vc_column width=&#8221;1\/4&#8243; animation_delay=&#8221;300&#8243; el_class=&#8221;m-t-sm&#8221; animation_type=&#8221;fadeInUp&#8221;]<div class=\"stats-block stats-top  m-b-xs \"><div class=\"aio-icon-top\"><div class=\"ult-just-icon-wrapper  \"><div class=\"align-icon\" style=\"text-align:center;\">\n<div class=\"aio-icon none \"  style=\"color:#2e353e;font-size:35px;display:inline-block;\">\n\t<i class=\"Simple-Line-Icons-layers\"><\/i>\n<\/div><\/div><\/div><\/div><div class=\"stats-desc\" id=\"counter-responsv-wrap-4825\"><div id=\"counter_179296728269e73d85e9ddd\" data-id=\"counter_179296728269e73d85e9ddd\"  data-ultimate-target='#counter-responsv-wrap-4825 .stats-number'  data-responsive-json-new='{\"font-size\":\"\",\"line-height\":\"\"}'  class=\"stats-number ult-responsive\" style=\"font-size:50px; color:#2e353e; font-weight:bold;color:#2e353e;\" data-speed=\"3\" data-counter-value=\"20000\" data-separator=\"none\" data-decimal=\"none\">0<\/div><div class=\"counter_suffix mycust ult-responsive\"  data-ultimate-target='#counter-responsv-wrap-4825 .mycust'  data-responsive-json-new='{\"font-size\":\"\",\"line-height\":\"\"}'  style=\"font-size:50px; font-weight:bold;color:#2e353e\">+<\/div><div counter-responsv-wrap-4825  data-ultimate-target='#counter-responsv-wrap-4825 .stats-text'  data-responsive-json-new='{\"font-size\":\"\",\"line-height\":\"\"}'  class=\"stats-text ult-responsive\" style=\"font-size:20px; color:#2e353e; \">Reklam<\/div><\/div><\/div>[\/vc_column][vc_column width=&#8221;1\/4&#8243; animation_delay=&#8221;600&#8243; el_class=&#8221;m-t-sm&#8221; animation_type=&#8221;fadeInUp&#8221;]<div class=\"stats-block stats-top  m-b-xs \"><div class=\"aio-icon-top\"><div class=\"ult-just-icon-wrapper  \"><div class=\"align-icon\" style=\"text-align:center;\">\n<div class=\"aio-icon none \"  style=\"color:#2e353e;font-size:35px;display:inline-block;\">\n\t<i class=\"Simple-Line-Icons-size-actual\"><\/i>\n<\/div><\/div><\/div><\/div><div class=\"stats-desc\" id=\"counter-responsv-wrap-7325\"><div id=\"counter_84291324169e73d85e9e5b\" data-id=\"counter_84291324169e73d85e9e5b\"  data-ultimate-target='#counter-responsv-wrap-7325 .stats-number'  data-responsive-json-new='{\"font-size\":\"\",\"line-height\":\"\"}'  class=\"stats-number ult-responsive\" style=\"font-size:50px; color:#2e353e; font-weight:bold;color:#2e353e;\" data-speed=\"3\" data-counter-value=\"2500\" data-separator=\"none\" data-decimal=\"none\">0<\/div><div class=\"counter_suffix mycust ult-responsive\"  data-ultimate-target='#counter-responsv-wrap-7325 .mycust'  data-responsive-json-new='{\"font-size\":\"\",\"line-height\":\"\"}'  style=\"font-size:50px; font-weight:bold;color:#2e353e\">+<\/div><div counter-responsv-wrap-7325  data-ultimate-target='#counter-responsv-wrap-7325 .stats-text'  data-responsive-json-new='{\"font-size\":\"\",\"line-height\":\"\"}'  class=\"stats-text ult-responsive\" style=\"font-size:20px; color:#2e353e; \">Otomasyon<\/div><\/div><\/div>[\/vc_column][vc_column width=&#8221;1\/4&#8243; animation_delay=&#8221;900&#8243; el_class=&#8221;m-t-sm&#8221; animation_type=&#8221;fadeInUp&#8221;]<div class=\"stats-block stats-top  m-b-xs \"><div class=\"aio-icon-top\"><div class=\"ult-just-icon-wrapper  \"><div class=\"align-icon\" style=\"text-align:center;\">\n<div class=\"aio-icon none \"  style=\"color:#2e353e;font-size:35px;display:inline-block;\">\n\t<i class=\"Simple-Line-Icons-disc\"><\/i>\n<\/div><\/div><\/div><\/div><div class=\"stats-desc\" id=\"counter-responsv-wrap-9070\"><div id=\"counter_49065133569e73d85e9fbb\" data-id=\"counter_49065133569e73d85e9fbb\"  data-ultimate-target='#counter-responsv-wrap-9070 .stats-number'  data-responsive-json-new='{\"font-size\":\"\",\"line-height\":\"\"}'  class=\"stats-number ult-responsive\" style=\"font-size:50px; color:#2e353e; font-weight:bold;color:#2e353e;\" data-speed=\"3\" data-counter-value=\"3000\" data-separator=\"none\" data-decimal=\"none\">0<\/div><div class=\"counter_suffix mycust ult-responsive\"  data-ultimate-target='#counter-responsv-wrap-9070 .mycust'  data-responsive-json-new='{\"font-size\":\"\",\"line-height\":\"\"}'  style=\"font-size:50px; font-weight:bold;color:#2e353e\">+<\/div><div counter-responsv-wrap-9070  data-ultimate-target='#counter-responsv-wrap-9070 .stats-text'  data-responsive-json-new='{\"font-size\":\"\",\"line-height\":\"\"}'  class=\"stats-text ult-responsive\" style=\"font-size:20px; color:#2e353e; \">Kal\u0131p<\/div><\/div><\/div>[\/vc_column][\/vc_row][vc_row 0=&#8221;&#8221;][vc_column 0=&#8221;&#8221;][vc_column_text 0=&#8221;&#8221;][\/vc_column_text][\/vc_column][\/vc_row]<\/p>\n","protected":false},"excerpt":{"rendered":"<p>[vc_row wrap_container=&#8221;yes&#8221; text_align=&#8221;center&#8221; is_section=&#8221;yes&#8221; section_color_scale=&#8221;scale-9&#8243; remove_margin_bottom=&#8221;yes&#8221; remove_border=&#8221;yes&#8221; css=&#8221;.vc_custom_1640842612066{margin-top: -20px !important;}&#8221;][vc_column width=&#8221;1\/2&#8243;][vc_custom_heading text=&#8221;Hakk\u0131m\u0131zda&#8221; font_container=&#8221;tag:h2|text_align:center&#8221; use_theme_fonts=&#8221;yes&#8221; skin=&#8221;light&#8221; el_class=&#8221;font-weight-semibold m-b-none&#8221;][vc_separator color=&#8221;custom&#8221; border_width=&#8221;3&#8243; type=&#8221;small&#8221; accent_color=&#8221;#aa4020&#8243; el_class=&#8221;m-b-lg&#8221; css=&#8221;.vc_custom_1524825597576{margin-top: -15px !important;}&#8221;][vc_column_text el_class=&#8221;text-light&#8221;] Vega Grup; 2008 Mart ay\u0131nda K\u00fc\u00e7\u00fck Sanayi sitesinde kurulmu\u015ftur. Kurulum amac\u0131, \u00f6zel proje bazl\u0131 makine imalat\u0131 olarak sekt\u00f6re girmi\u015ftir. Ard\u0131ndan, sekt\u00f6rdeki otomasyon i\u015flerinin \u00f6nemini anlayarak, kendi b\u00fcnyesine otomasyon i\u015flerini [&hellip;]<\/p>\n","protected":false},"author":1,"featured_media":0,"parent":0,"menu_order":0,"comment_status":"closed","ping_status":"closed","template":"","meta":{"_mo_disable_npp":"","footnotes":""},"class_list":["post-143","page","type-page","status-publish","hentry"],"_links":{"self":[{"href":"http:\/\/www.vegamakina.com\/index.php?rest_route=\/wp\/v2\/pages\/143","targetHints":{"allow":["GET"]}}],"collection":[{"href":"http:\/\/www.vegamakina.com\/index.php?rest_route=\/wp\/v2\/pages"}],"about":[{"href":"http:\/\/www.vegamakina.com\/index.php?rest_route=\/wp\/v2\/types\/page"}],"author":[{"embeddable":true,"href":"http:\/\/www.vegamakina.com\/index.php?rest_route=\/wp\/v2\/users\/1"}],"replies":[{"embeddable":true,"href":"http:\/\/www.vegamakina.com\/index.php?rest_route=%2Fwp%2Fv2%2Fcomments&post=143"}],"version-history":[{"count":33,"href":"http:\/\/www.vegamakina.com\/index.php?rest_route=\/wp\/v2\/pages\/143\/revisions"}],"predecessor-version":[{"id":1126,"href":"http:\/\/www.vegamakina.com\/index.php?rest_route=\/wp\/v2\/pages\/143\/revisions\/1126"}],"wp:attachment":[{"href":"http:\/\/www.vegamakina.com\/index.php?rest_route=%2Fwp%2Fv2%2Fmedia&parent=143"}],"curies":[{"name":"wp","href":"https:\/\/api.w.org\/{rel}","templated":true}]}}