{"id":186,"date":"2018-04-26T14:24:10","date_gmt":"2018-04-26T11:24:10","guid":{"rendered":"http:\/\/www.vegamakina.com\/?page_id=186"},"modified":"2022-01-01T21:17:20","modified_gmt":"2022-01-01T18:17:20","slug":"makine","status":"publish","type":"page","link":"http:\/\/www.vegamakina.com\/?page_id=186","title":{"rendered":"Makine"},"content":{"rendered":"<p>[vc_row wrap_container=&#8221;yes&#8221; section_text_color=&#8221;light&#8221; is_section=&#8221;yes&#8221; section_color_scale=&#8221;scale-6&#8243; remove_margin_top=&#8221;yes&#8221; remove_margin_bottom=&#8221;yes&#8221; remove_border=&#8221;yes&#8221; show_divider=&#8221;yes&#8221; divider_pos=&#8221;bottom&#8221; show_divider_icon=&#8221;yes&#8221; divider_icon_skin=&#8221;primary&#8221; divider_icon_style=&#8221;style-4&#8243; divider_icon=&#8221;fa fa-chevron-down&#8221;][vc_column 0=&#8221;&#8221;][vc_row_inner 0=&#8221;&#8221;][vc_column_inner width=&#8221;1\/6&#8243;][\/vc_column_inner][vc_column_inner width=&#8221;2\/3&#8243;][vc_custom_heading text=&#8221;Makine&#8221; font_container=&#8221;tag:h1|text_align:center&#8221; use_theme_fonts=&#8221;yes&#8221; el_class=&#8221;text-uppercase&#8221;][\/vc_column_inner][vc_column_inner width=&#8221;1\/6&#8243;][\/vc_column_inner][\/vc_row_inner][vc_row_inner 0=&#8221;&#8221;][\/vc_row_inner][\/vc_column][\/vc_row][vc_row 0=&#8221;&#8221;][vc_column 0=&#8221;&#8221;][vc_column_text 0=&#8221;&#8221;][\/vc_column_text][\/vc_column][\/vc_row][vc_row 0=&#8221;&#8221;][vc_column 0=&#8221;&#8221;][vc_column_text 0=&#8221;&#8221;]<\/p>\n<p>[vc_row 0=&#8221;&#8221;][vc_column 0=&#8221;&#8221;][vc_custom_heading text=&#8221;Firman\u0131z Bizlerle G\u00fcvence Alt\u0131nda&#8221; font_container=&#8221;tag:h2|text_align:center&#8221; use_theme_fonts=&#8221;yes&#8221;][\/vc_column][\/vc_row][vc_row 0=&#8221;&#8221;][vc_column width=&#8221;1\/3&#8243;][vc_column_text 0=&#8221;&#8221;]<strong>1 ADET KRAFT VM 5230A 5 EKSEN CNC<\/strong><br \/>\n<strong>1 ADET SPINNER U-1520 5 EKSEN CNC<\/strong><br \/>\n<strong>2 ADET PRIMINER V11L 3EKSEN CNC&nbsp;<\/strong>[\/vc_column_text][\/vc_column][vc_column width=&#8221;1\/3&#8243;][vc_column_text 0=&#8221;&#8221;]<strong>1 ADET FOURSTAR K\u00d6PR\u00dcL\u00dc 3 EKSEN CNC<\/strong><br \/>\n<strong>2 ADET CUT E 600 TELEREZYON&nbsp;<\/strong><br \/>\n<strong>1 ADET JEOMARS HIZLI DEL\u0130K DELME<\/strong>[\/vc_column_text][\/vc_column][vc_column width=&#8221;1\/3&#8243;][vc_column_text 0=&#8221;&#8221;]<strong>1 ADET 3D \u00d6L\u00c7\u00dcM MAK\u0130NES\u0130<\/strong><br \/>\n<strong>1 ADET PRES 500 TON<\/strong><br \/>\n<strong>MANUEL TEZGAHLARIMIZ<\/strong><br \/>\n<strong>BASKI MAK\u0130NELER\u0130M\u0130Z<\/strong>[\/vc_column_text][\/vc_column][\/vc_row][vc_row 0=&#8221;&#8221;][vc_column 0=&#8221;&#8221;][vc_media_grid element_width=&#8221;3&#8243; grid_id=&#8221;vc_gid:1640930845467-a95e54164b77033e4de8b17113cf4ca4-9&#8243; include=&#8221;1104,1105,1081,1082,1083,1084,1085,1086,1087,1088,1089,1090,1091,1092,1093,1094,1095,1096,1097,1098,1099,1100,1101,1102,1103,1106,1107,1108,1109,1110,1111,1112,1113&#8243;][\/vc_column][\/vc_row]<\/p>\n","protected":false},"excerpt":{"rendered":"<p>[vc_row wrap_container=&#8221;yes&#8221; section_text_color=&#8221;light&#8221; is_section=&#8221;yes&#8221; section_color_scale=&#8221;scale-6&#8243; remove_margin_top=&#8221;yes&#8221; remove_margin_bottom=&#8221;yes&#8221; remove_border=&#8221;yes&#8221; show_divider=&#8221;yes&#8221; divider_pos=&#8221;bottom&#8221; show_divider_icon=&#8221;yes&#8221; divider_icon_skin=&#8221;primary&#8221; divider_icon_style=&#8221;style-4&#8243; divider_icon=&#8221;fa fa-chevron-down&#8221;][vc_column 0=&#8221;&#8221;][vc_row_inner 0=&#8221;&#8221;][vc_column_inner width=&#8221;1\/6&#8243;][\/vc_column_inner][vc_column_inner width=&#8221;2\/3&#8243;][vc_custom_heading text=&#8221;Makine&#8221; font_container=&#8221;tag:h1|text_align:center&#8221; use_theme_fonts=&#8221;yes&#8221; el_class=&#8221;text-uppercase&#8221;][\/vc_column_inner][vc_column_inner width=&#8221;1\/6&#8243;][\/vc_column_inner][\/vc_row_inner][vc_row_inner 0=&#8221;&#8221;][\/vc_row_inner][\/vc_column][\/vc_row][vc_row 0=&#8221;&#8221;][vc_column 0=&#8221;&#8221;][vc_column_text 0=&#8221;&#8221;][\/vc_column_text][\/vc_column][\/vc_row][vc_row 0=&#8221;&#8221;][vc_column 0=&#8221;&#8221;][vc_column_text 0=&#8221;&#8221;] [vc_row 0=&#8221;&#8221;][vc_column 0=&#8221;&#8221;][vc_custom_heading text=&#8221;Firman\u0131z Bizlerle G\u00fcvence Alt\u0131nda&#8221; font_container=&#8221;tag:h2|text_align:center&#8221; use_theme_fonts=&#8221;yes&#8221;][\/vc_column][\/vc_row][vc_row 0=&#8221;&#8221;][vc_column width=&#8221;1\/3&#8243;][vc_column_text 0=&#8221;&#8221;]1 ADET KRAFT VM 5230A 5 EKSEN CNC 1 ADET SPINNER U-1520 5 [&hellip;]<\/p>\n","protected":false},"author":1,"featured_media":0,"parent":0,"menu_order":0,"comment_status":"closed","ping_status":"closed","template":"","meta":{"_mo_disable_npp":"","footnotes":""},"class_list":["post-186","page","type-page","status-publish","hentry"],"_links":{"self":[{"href":"http:\/\/www.vegamakina.com\/index.php?rest_route=\/wp\/v2\/pages\/186","targetHints":{"allow":["GET"]}}],"collection":[{"href":"http:\/\/www.vegamakina.com\/index.php?rest_route=\/wp\/v2\/pages"}],"about":[{"href":"http:\/\/www.vegamakina.com\/index.php?rest_route=\/wp\/v2\/types\/page"}],"author":[{"embeddable":true,"href":"http:\/\/www.vegamakina.com\/index.php?rest_route=\/wp\/v2\/users\/1"}],"replies":[{"embeddable":true,"href":"http:\/\/www.vegamakina.com\/index.php?rest_route=%2Fwp%2Fv2%2Fcomments&post=186"}],"version-history":[{"count":26,"href":"http:\/\/www.vegamakina.com\/index.php?rest_route=\/wp\/v2\/pages\/186\/revisions"}],"predecessor-version":[{"id":1189,"href":"http:\/\/www.vegamakina.com\/index.php?rest_route=\/wp\/v2\/pages\/186\/revisions\/1189"}],"wp:attachment":[{"href":"http:\/\/www.vegamakina.com\/index.php?rest_route=%2Fwp%2Fv2%2Fmedia&parent=186"}],"curies":[{"name":"wp","href":"https:\/\/api.w.org\/{rel}","templated":true}]}}