{"id":24,"date":"2016-08-04T16:39:10","date_gmt":"2016-08-04T16:39:10","guid":{"rendered":"http:\/\/sw-themes.com\/porto_dummy\/?page_id=24"},"modified":"2022-01-03T09:26:14","modified_gmt":"2022-01-03T06:26:14","slug":"hakkimizda","status":"publish","type":"page","link":"http:\/\/www.vegamakina.com\/?page_id=24","title":{"rendered":"Hakk\u0131m\u0131zda"},"content":{"rendered":"[vc_row wrap_container=&#8221;yes&#8221; section_text_color=&#8221;light&#8221; is_section=&#8221;yes&#8221; section_color_scale=&#8221;scale-6&#8243; remove_margin_top=&#8221;yes&#8221; remove_margin_bottom=&#8221;yes&#8221; remove_border=&#8221;yes&#8221; show_divider=&#8221;yes&#8221; divider_pos=&#8221;bottom&#8221; show_divider_icon=&#8221;yes&#8221; divider_icon_skin=&#8221;primary&#8221; divider_icon_style=&#8221;style-4&#8243; divider_icon=&#8221;fa fa-chevron-down&#8221;][vc_column][vc_row_inner][vc_column_inner width=&#8221;1\/6&#8243;][\/vc_column_inner][vc_column_inner width=&#8221;2\/3&#8243;][vc_custom_heading text=&#8221;Hakk\u0131m\u0131zda&#8221; font_container=&#8221;tag:h1|text_align:center&#8221; use_theme_fonts=&#8221;yes&#8221; el_class=&#8221;text-uppercase&#8221;][\/vc_column_inner][vc_column_inner width=&#8221;1\/6&#8243;][\/vc_column_inner][\/vc_row_inner][vc_row_inner][\/vc_row_inner][\/vc_column][\/vc_row][vc_row][vc_column][vc_column_text css=&#8221;.vc_custom_1641191173241{padding-top: 80px !important;}&#8221;][\/vc_column_text][\/vc_column][\/vc_row][vc_row][vc_column][vc_column_text css=&#8221;.vc_custom_1641190856061{padding-right: 500px !important;padding-left: 500px !important;}&#8221;]<p style=\"text-align: justify;\">Vega Grup, proje bazl\u0131 \u00f6zel makine , sa\u00e7\u00a0 kal\u0131p, otomasyon ve reklam sekt\u00f6rlerinde hizmet vermektedir. Vega Grup, Vega Makina ad\u0131 ile 2008\u2019de Bursa K\u00fc\u00e7\u00fck Sanayi Sitesi\u2019nde kurulmu\u015ftur. Otomasyon i\u015flerinin sekt\u00f6rdeki \u00f6nemini anlayarak otomasyon departman\u0131 kurulmu\u015f ve geli\u015fmesi i\u00e7in gerekli yat\u0131r\u0131mlar\u0131 yapmaya da devam etmektedir. Reklam Departman\u0131 hem pazar pay\u0131n\u0131 artt\u0131rmak hemde mevcutta yap\u0131lan makine ve kal\u0131plara etiket haz\u0131rlamak i\u00e7in kurulmu\u015ftur. Kal\u0131p sekt\u00f6r\u00fc i\u00e7in gerekli olan gerek makine parkuru ve te\u00e7hizatlar gerekse tecr\u00fcbeli personellerin varl\u0131\u011f\u0131ndan g\u00fc\u00e7 al\u0131narak kal\u0131p sekt\u00f6r\u00fcne de ad\u0131m atm\u0131\u015ft\u0131r. Ba\u015far\u0131 ile bu yolda g\u00fc\u00e7l\u00fc ad\u0131mlarla ilerlemektedir.<\/p>\n[\/vc_column_text][\/vc_column][\/vc_row][vc_row 0=&#8221;&#8221;][vc_column][vc_column_text 0=&#8221;&#8221;]\n\n<!-- \/wp:post-content -->\n\n<!-- wp:columns -->\n<div class=\"wp-block-columns\"><!-- wp:column {\"width\":\"100%\"} -->\n<div class=\"wp-block-column\" style=\"flex-basis: 100%;\"><!-- wp:shortcode -->\n[\/vc_column_text][\/vc_column][\/vc_row][vc_row wrap_container=&#8221;yes&#8221; is_section=&#8221;yes&#8221; section_skin=&#8221;parallax&#8221; remove_margin_top=&#8221;yes&#8221; remove_margin_bottom=&#8221;yes&#8221; remove_padding_top=&#8221;yes&#8221;][vc_column remove_margin_top=&#8221;yes&#8221; remove_margin_bottom=&#8221;yes&#8221; remove_padding_top=&#8221;yes&#8221; remove_padding_bottom=&#8221;yes&#8221; remove_border=&#8221;yes&#8221;][vc_custom_heading text=&#8221;KAL\u0130TE ANLAYI\u015eIMIZ&#8221; font_container=&#8221;tag:h2|text_align:center&#8221; text_transform=&#8221;text-uppercase&#8221; show_border=&#8221;yes&#8221; border_type=&#8221;middle-border-center&#8221; el_class=&#8221;m-t m-b-none&#8221;][vc_column_text 0=&#8221;&#8221; css=&#8221;.vc_custom_1641191062841{padding-top: 50px !important;padding-right: 500px !important;padding-left: 500px !important;}&#8221;]<p>Vega Grup olarak Makina, Kal\u0131p,\u00a0 Otomasyon ve Reklam departmanlar\u0131m\u0131z\u0131 s\u00fcrekli geli\u015fime a\u00e7\u0131k tutmaktay\u0131z. \u0130nan\u0131yoruz ki bu geli\u015fim bizlere kaliteli \u00fcr\u00fcnlerin ortaya \u00e7\u0131kmas\u0131 ve m\u00fc\u015fteri memnuniyetinin artt\u0131r\u0131lmas\u0131nda fayda sa\u011flayacakt\u0131r.<\/p>\n<p>1- \u00dcretmin ba\u015f\u0131ndan sonuna kadar olan t\u00fcm proseslerde zaman ve kaynaktan tasarruf etmek<\/p>\n<p>2-\u00c7al\u0131\u015fanlar\u0131m\u0131z\u0131n bireysel geli\u015fimlerine destek olmak<\/p>\n<p>3-M\u00fc\u015fterilerimiz ve i\u015f ortaklar\u0131m\u0131z\u0131n beklentilerine en iyi ve en h\u0131zl\u0131 \u015fekilde cevap vermek<\/p>\n<p>4-Teknoloji ve teknikleri yak\u0131ndan takip ederek \u00fcr\u00fcn gam\u0131 \u00e7e\u015fitlili\u011finin devaml\u0131l\u0131\u011f\u0131n\u0131 sa\u011flamak<\/p>\n<p>5-\u00c7evreye duyarl\u0131 davranarak \u00e7evrenin korunmas\u0131na katk\u0131 sa\u011flamak<\/p>[\/vc_column_text][vc_row_inner el_class=&#8221;m-t-xl&#8221;][vc_column_inner width=&#8221;1\/3&#8243;]<div class=\"porto-content-box featured-boxes wpb_content_element  featured-boxes-style-6\" data-appear-animation=\"fadeInUp\"><div class=\"featured-box featured-box-primary featured-box-effect-6\"><div class=\"box-content\" style=\"\"><i class=\"icon-featured Simple-Line-Icons-bulb\"><\/i>[vc_custom_heading text=&#8221;\u00c7e\u015fitli \u00dcr\u00fcn Gam\u0131&#8221; font_container=&#8221;tag:h4|text_align:center&#8221; use_theme_fonts=&#8221;yes&#8221; el_class=&#8221;m-b-sm&#8221;][vc_column_text el_class=&#8221;m-b-md&#8221;]Firmam\u0131z \u00f6zel proje bazl\u0131 makine imalat\u0131 olarak ihtiya\u00e7 olabilecek her t\u00fcrl\u00fc \u00e7e\u015fitli \u00fcr\u00fcn yelpazesine sahiptir.[\/vc_column_text]<\/div><\/div><\/div>[\/vc_column_inner][vc_column_inner width=&#8221;1\/3&#8243;]<div class=\"porto-content-box featured-boxes wpb_content_element  featured-boxes-style-6\" data-appear-animation=\"fadeInUp\" data-appear-animation-delay=\"300\"><div class=\"featured-box featured-box-primary featured-box-effect-6\"><div class=\"box-content\" style=\"\"><i class=\"icon-featured Simple-Line-Icons-puzzle\"><\/i>[vc_custom_heading text=&#8221;Uygun Fiyat&#8221; font_container=&#8221;tag:h4|text_align:center&#8221; use_theme_fonts=&#8221;yes&#8221; el_class=&#8221;m-b-sm&#8221;][vc_column_text el_class=&#8221;m-b-md&#8221;]Y\u00fcksek kalite ve memnun m\u00fc\u015fteriler hizmet politikam\u0131z sayesinde minimum fiyat politikas\u0131 uygulamaktay\u0131z.[\/vc_column_text]<\/div><\/div><\/div>[\/vc_column_inner][vc_column_inner width=&#8221;1\/3&#8243;]<div class=\"porto-content-box featured-boxes wpb_content_element  featured-boxes-style-6\" data-appear-animation=\"fadeInUp\" data-appear-animation-delay=\"600\"><div class=\"featured-box featured-box-primary featured-box-effect-6\"><div class=\"box-content\" style=\"\"><i class=\"icon-featured Simple-Line-Icons-rocket\"><\/i>[vc_custom_heading text=&#8221;Teknik Destek&#8221; font_container=&#8221;tag:h4|text_align:center&#8221; use_theme_fonts=&#8221;yes&#8221; el_class=&#8221;m-b-sm&#8221;][vc_column_text el_class=&#8221;m-b-md&#8221;]Teslim edilen \u00fcr\u00fcnlerimize teknik deste\u011fimiz devam etmektedir. H\u0131zl\u0131 m\u00fcdahalelerimiz sayesinde m\u00fc\u015fterilerimizi memnun etmekteyiz.[\/vc_column_text]<\/div><\/div><\/div>[\/vc_column_inner][\/vc_row_inner][\/vc_column][\/vc_row][vc_row 0=&#8221;&#8221;][vc_column][vc_column_text 0=&#8221;&#8221;]\n<!-- \/wp:shortcode -->\n\n<\/div>\n<!-- \/wp:column -->\n\n<\/div>\n<!-- \/wp:columns -->[\/vc_column_text][\/vc_column][\/vc_row]","protected":false},"excerpt":{"rendered":"<p>[vc_row wrap_container=&#8221;yes&#8221; section_text_color=&#8221;light&#8221; is_section=&#8221;yes&#8221; section_color_scale=&#8221;scale-6&#8243; remove_margin_top=&#8221;yes&#8221; remove_margin_bottom=&#8221;yes&#8221; remove_border=&#8221;yes&#8221; show_divider=&#8221;yes&#8221; divider_pos=&#8221;bottom&#8221; show_divider_icon=&#8221;yes&#8221; divider_icon_skin=&#8221;primary&#8221; divider_icon_style=&#8221;style-4&#8243; divider_icon=&#8221;fa fa-chevron-down&#8221;][vc_column][vc_row_inner][vc_column_inner width=&#8221;1\/6&#8243;][\/vc_column_inner][vc_column_inner width=&#8221;2\/3&#8243;][vc_custom_heading text=&#8221;Hakk\u0131m\u0131zda&#8221; font_container=&#8221;tag:h1|text_align:center&#8221; use_theme_fonts=&#8221;yes&#8221; el_class=&#8221;text-uppercase&#8221;][\/vc_column_inner][vc_column_inner width=&#8221;1\/6&#8243;][\/vc_column_inner][\/vc_row_inner][vc_row_inner][\/vc_row_inner][\/vc_column][\/vc_row][vc_row][vc_column][vc_column_text css=&#8221;.vc_custom_1641191173241{padding-top: 80px !important;}&#8221;][\/vc_column_text][\/vc_column][\/vc_row][vc_row][vc_column][vc_column_text css=&#8221;.vc_custom_1641190856061{padding-right: 500px !important;padding-left: 500px !important;}&#8221;] Vega Grup, proje bazl\u0131 \u00f6zel makine , sa\u00e7\u00a0 kal\u0131p, otomasyon ve reklam sekt\u00f6rlerinde hizmet vermektedir. Vega Grup, Vega Makina ad\u0131 ile 2008\u2019de Bursa K\u00fc\u00e7\u00fck Sanayi [&hellip;]<\/p>\n","protected":false},"author":1,"featured_media":0,"parent":0,"menu_order":0,"comment_status":"closed","ping_status":"closed","template":"","meta":{"_mo_disable_npp":"","footnotes":""},"class_list":["post-24","page","type-page","status-publish","hentry"],"_links":{"self":[{"href":"http:\/\/www.vegamakina.com\/index.php?rest_route=\/wp\/v2\/pages\/24","targetHints":{"allow":["GET"]}}],"collection":[{"href":"http:\/\/www.vegamakina.com\/index.php?rest_route=\/wp\/v2\/pages"}],"about":[{"href":"http:\/\/www.vegamakina.com\/index.php?rest_route=\/wp\/v2\/types\/page"}],"author":[{"embeddable":true,"href":"http:\/\/www.vegamakina.com\/index.php?rest_route=\/wp\/v2\/users\/1"}],"replies":[{"embeddable":true,"href":"http:\/\/www.vegamakina.com\/index.php?rest_route=%2Fwp%2Fv2%2Fcomments&post=24"}],"version-history":[{"count":31,"href":"http:\/\/www.vegamakina.com\/index.php?rest_route=\/wp\/v2\/pages\/24\/revisions"}],"predecessor-version":[{"id":1236,"href":"http:\/\/www.vegamakina.com\/index.php?rest_route=\/wp\/v2\/pages\/24\/revisions\/1236"}],"wp:attachment":[{"href":"http:\/\/www.vegamakina.com\/index.php?rest_route=%2Fwp%2Fv2%2Fmedia&parent=24"}],"curies":[{"name":"wp","href":"https:\/\/api.w.org\/{rel}","templated":true}]}}