{"id":936,"date":"2018-04-26T14:24:10","date_gmt":"2018-04-26T11:24:10","guid":{"rendered":"http:\/\/www.vegamakina.com\/?page_id=936"},"modified":"2022-01-01T21:15:40","modified_gmt":"2022-01-01T18:15:40","slug":"maschine","status":"publish","type":"page","link":"http:\/\/www.vegamakina.com\/?page_id=936&lang=de","title":{"rendered":"Maschine"},"content":{"rendered":"<p>[vc_row wrap_container=&#8221;yes&#8221; section_text_color=&#8221;light&#8221; is_section=&#8221;yes&#8221; section_color_scale=&#8221;scale-6&#8243; remove_margin_top=&#8221;yes&#8221; remove_margin_bottom=&#8221;yes&#8221; remove_border=&#8221;yes&#8221; show_divider=&#8221;yes&#8221; divider_pos=&#8221;bottom&#8221; show_divider_icon=&#8221;yes&#8221; divider_icon_skin=&#8221;primary&#8221; divider_icon_style=&#8221;style-4&#8243; divider_icon=&#8221;fa fa-chevron-down&#8221;][vc_column 0=&#8221;&#8221;][vc_row_inner 0=&#8221;&#8221;][vc_column_inner width=&#8221;1\/6&#8243;][\/vc_column_inner][vc_column_inner width=&#8221;2\/3&#8243;][vc_custom_heading text=&#8221;Maschine&#8221; font_container=&#8221;tag:h1|text_align:center&#8221; use_theme_fonts=&#8221;yes&#8221; el_class=&#8221;text-uppercase&#8221;][\/vc_column_inner][vc_column_inner width=&#8221;1\/6&#8243;][\/vc_column_inner][\/vc_row_inner][vc_row_inner 0=&#8221;&#8221;][\/vc_row_inner][\/vc_column][\/vc_row][vc_row 0=&#8221;&#8221;][vc_column 0=&#8221;&#8221;][vc_column_text 0=&#8221;&#8221;][\/vc_column_text][\/vc_column][\/vc_row][vc_row 0=&#8221;&#8221;][vc_column 0=&#8221;&#8221;][vc_column_text 0=&#8221;&#8221;]<\/p>\n<p>[vc_row 0=&#8221;&#8221;][vc_column 0=&#8221;&#8221;][vc_custom_heading text=&#8221;Ihre Firma steht bei uns fest&#8221; font_container=&#8221;tag:h2|text_align:center&#8221; use_theme_fonts=&#8221;yes&#8221;][\/vc_column][\/vc_row][vc_row 0=&#8221;&#8221;][vc_column width=&#8221;1\/3&#8243;][vc_column_text 0=&#8221;&#8221;]<strong>1 ADET KRAFT VM 5230A 5 EKSEN CNC<\/strong><br><strong>1 ADET SPINNER U-1520 5 EKSEN CNC<\/strong><br><strong>2 ADET PRIMINER V11L 3EKSEN CNC&nbsp;<\/strong>[\/vc_column_text][\/vc_column][vc_column width=&#8221;1\/3&#8243;][vc_column_text 0=&#8221;&#8221;]<strong>1 ADET FOURSTAR K\u00d6PR\u00dcL\u00dc 3 EKSEN CNC<\/strong><br><strong>2 ADET CUT E 600 TELEREZYON&nbsp;<\/strong><br><strong>1 ADET JEOMARS HIZLI DEL\u0130K DELME<\/strong>[\/vc_column_text][\/vc_column][vc_column width=&#8221;1\/3&#8243;][vc_column_text 0=&#8221;&#8221;]<strong>1 ADET 3D \u00d6L\u00c7\u00dcM MAK\u0130NASI<\/strong><br><strong>1 ADET PRES 500 TON&nbsp;<\/strong><br><strong>MANUAL MACHINES<br>PRINTING MACHINES<\/strong>[\/vc_column_text][\/vc_column][\/vc_row][vc_row 0=&#8221;&#8221;][vc_column 0=&#8221;&#8221;][vc_column_text 0=&#8221;&#8221;]<\/p>\n<p><\/p>\n\n\n<figure class=\"wp-block-gallery columns-4 is-cropped wp-block-gallery-1 is-layout-flex wp-block-gallery-is-layout-flex\"><ul class=\"blocks-gallery-grid\"><li class=\"blocks-gallery-item\"><figure><img loading=\"lazy\" decoding=\"async\" width=\"500\" height=\"600\" src=\"http:\/\/www.vegamakina.com\/wp-content\/uploads\/2021\/12\/hazr-1.jpg\" alt=\"\" data-id=\"1104\" data-full-url=\"http:\/\/www.vegamakina.com\/wp-content\/uploads\/2021\/12\/hazr-1.jpg\" data-link=\"http:\/\/www.vegamakina.com\/?attachment_id=1104\" class=\"wp-image-1104\" srcset=\"http:\/\/www.vegamakina.com\/wp-content\/uploads\/2021\/12\/hazr-1.jpg 500w, http:\/\/www.vegamakina.com\/wp-content\/uploads\/2021\/12\/hazr-1-250x300.jpg 250w\" sizes=\"auto, (max-width: 500px) 100vw, 500px\" \/><\/figure><\/li><li class=\"blocks-gallery-item\"><figure><img loading=\"lazy\" decoding=\"async\" width=\"500\" height=\"600\" src=\"http:\/\/www.vegamakina.com\/wp-content\/uploads\/2021\/12\/hazr-2.jpg\" alt=\"\" data-id=\"1105\" data-full-url=\"http:\/\/www.vegamakina.com\/wp-content\/uploads\/2021\/12\/hazr-2.jpg\" data-link=\"http:\/\/www.vegamakina.com\/?attachment_id=1105\" class=\"wp-image-1105\" srcset=\"http:\/\/www.vegamakina.com\/wp-content\/uploads\/2021\/12\/hazr-2.jpg 500w, http:\/\/www.vegamakina.com\/wp-content\/uploads\/2021\/12\/hazr-2-250x300.jpg 250w\" sizes=\"auto, (max-width: 500px) 100vw, 500px\" \/><\/figure><\/li><li class=\"blocks-gallery-item\"><figure><img loading=\"lazy\" decoding=\"async\" width=\"500\" height=\"600\" src=\"http:\/\/www.vegamakina.com\/wp-content\/uploads\/2021\/12\/hazr-3.jpg\" alt=\"\" data-id=\"1106\" data-full-url=\"http:\/\/www.vegamakina.com\/wp-content\/uploads\/2021\/12\/hazr-3.jpg\" data-link=\"http:\/\/www.vegamakina.com\/?attachment_id=1106\" class=\"wp-image-1106\" srcset=\"http:\/\/www.vegamakina.com\/wp-content\/uploads\/2021\/12\/hazr-3.jpg 500w, http:\/\/www.vegamakina.com\/wp-content\/uploads\/2021\/12\/hazr-3-250x300.jpg 250w\" sizes=\"auto, (max-width: 500px) 100vw, 500px\" \/><\/figure><\/li><li class=\"blocks-gallery-item\"><figure><img loading=\"lazy\" decoding=\"async\" width=\"500\" height=\"600\" src=\"http:\/\/www.vegamakina.com\/wp-content\/uploads\/2021\/12\/hazr-4.jpg\" alt=\"\" data-id=\"1107\" data-full-url=\"http:\/\/www.vegamakina.com\/wp-content\/uploads\/2021\/12\/hazr-4.jpg\" data-link=\"http:\/\/www.vegamakina.com\/?attachment_id=1107\" class=\"wp-image-1107\" srcset=\"http:\/\/www.vegamakina.com\/wp-content\/uploads\/2021\/12\/hazr-4.jpg 500w, http:\/\/www.vegamakina.com\/wp-content\/uploads\/2021\/12\/hazr-4-250x300.jpg 250w\" sizes=\"auto, (max-width: 500px) 100vw, 500px\" \/><\/figure><\/li><li class=\"blocks-gallery-item\"><figure><img loading=\"lazy\" decoding=\"async\" width=\"500\" height=\"600\" src=\"http:\/\/www.vegamakina.com\/wp-content\/uploads\/2021\/12\/hazr-5.jpg\" alt=\"\" data-id=\"1108\" data-full-url=\"http:\/\/www.vegamakina.com\/wp-content\/uploads\/2021\/12\/hazr-5.jpg\" data-link=\"http:\/\/www.vegamakina.com\/?attachment_id=1108\" class=\"wp-image-1108\" srcset=\"http:\/\/www.vegamakina.com\/wp-content\/uploads\/2021\/12\/hazr-5.jpg 500w, http:\/\/www.vegamakina.com\/wp-content\/uploads\/2021\/12\/hazr-5-250x300.jpg 250w\" sizes=\"auto, (max-width: 500px) 100vw, 500px\" \/><\/figure><\/li><li class=\"blocks-gallery-item\"><figure><img loading=\"lazy\" decoding=\"async\" width=\"500\" height=\"600\" src=\"http:\/\/www.vegamakina.com\/wp-content\/uploads\/2021\/12\/hazr-6.jpg\" alt=\"\" data-id=\"1109\" data-full-url=\"http:\/\/www.vegamakina.com\/wp-content\/uploads\/2021\/12\/hazr-6.jpg\" data-link=\"http:\/\/www.vegamakina.com\/?attachment_id=1109\" class=\"wp-image-1109\" srcset=\"http:\/\/www.vegamakina.com\/wp-content\/uploads\/2021\/12\/hazr-6.jpg 500w, http:\/\/www.vegamakina.com\/wp-content\/uploads\/2021\/12\/hazr-6-250x300.jpg 250w\" sizes=\"auto, (max-width: 500px) 100vw, 500px\" \/><\/figure><\/li><li class=\"blocks-gallery-item\"><figure><img loading=\"lazy\" decoding=\"async\" width=\"500\" height=\"600\" src=\"http:\/\/www.vegamakina.com\/wp-content\/uploads\/2021\/12\/hazr-7.jpg\" alt=\"\" data-id=\"1110\" data-full-url=\"http:\/\/www.vegamakina.com\/wp-content\/uploads\/2021\/12\/hazr-7.jpg\" data-link=\"http:\/\/www.vegamakina.com\/?attachment_id=1110\" class=\"wp-image-1110\" srcset=\"http:\/\/www.vegamakina.com\/wp-content\/uploads\/2021\/12\/hazr-7.jpg 500w, http:\/\/www.vegamakina.com\/wp-content\/uploads\/2021\/12\/hazr-7-250x300.jpg 250w\" sizes=\"auto, (max-width: 500px) 100vw, 500px\" \/><\/figure><\/li><li class=\"blocks-gallery-item\"><figure><img loading=\"lazy\" decoding=\"async\" width=\"500\" height=\"600\" src=\"http:\/\/www.vegamakina.com\/wp-content\/uploads\/2021\/12\/hazr-8.jpg\" alt=\"\" data-id=\"1111\" data-full-url=\"http:\/\/www.vegamakina.com\/wp-content\/uploads\/2021\/12\/hazr-8.jpg\" data-link=\"http:\/\/www.vegamakina.com\/?attachment_id=1111\" class=\"wp-image-1111\" srcset=\"http:\/\/www.vegamakina.com\/wp-content\/uploads\/2021\/12\/hazr-8.jpg 500w, http:\/\/www.vegamakina.com\/wp-content\/uploads\/2021\/12\/hazr-8-250x300.jpg 250w\" sizes=\"auto, (max-width: 500px) 100vw, 500px\" \/><\/figure><\/li><li class=\"blocks-gallery-item\"><figure><img loading=\"lazy\" decoding=\"async\" width=\"500\" height=\"600\" src=\"http:\/\/www.vegamakina.com\/wp-content\/uploads\/2021\/12\/hazr-9.jpg\" alt=\"\" data-id=\"1112\" data-full-url=\"http:\/\/www.vegamakina.com\/wp-content\/uploads\/2021\/12\/hazr-9.jpg\" data-link=\"http:\/\/www.vegamakina.com\/?attachment_id=1112\" class=\"wp-image-1112\" srcset=\"http:\/\/www.vegamakina.com\/wp-content\/uploads\/2021\/12\/hazr-9.jpg 500w, http:\/\/www.vegamakina.com\/wp-content\/uploads\/2021\/12\/hazr-9-250x300.jpg 250w\" sizes=\"auto, (max-width: 500px) 100vw, 500px\" \/><\/figure><\/li><li class=\"blocks-gallery-item\"><figure><img loading=\"lazy\" decoding=\"async\" width=\"480\" height=\"380\" src=\"http:\/\/www.vegamakina.com\/wp-content\/uploads\/2021\/12\/hazr-10.jpg\" alt=\"\" data-id=\"1113\" data-full-url=\"http:\/\/www.vegamakina.com\/wp-content\/uploads\/2021\/12\/hazr-10.jpg\" data-link=\"http:\/\/www.vegamakina.com\/?attachment_id=1113\" class=\"wp-image-1113\" srcset=\"http:\/\/www.vegamakina.com\/wp-content\/uploads\/2021\/12\/hazr-10.jpg 480w, http:\/\/www.vegamakina.com\/wp-content\/uploads\/2021\/12\/hazr-10-300x238.jpg 300w\" sizes=\"auto, (max-width: 480px) 100vw, 480px\" \/><\/figure><\/li><li class=\"blocks-gallery-item\"><figure><img loading=\"lazy\" decoding=\"async\" width=\"500\" height=\"600\" src=\"http:\/\/www.vegamakina.com\/wp-content\/uploads\/2021\/12\/hazr-11.jpg\" alt=\"\" data-id=\"1081\" data-full-url=\"http:\/\/www.vegamakina.com\/wp-content\/uploads\/2021\/12\/hazr-11.jpg\" data-link=\"http:\/\/www.vegamakina.com\/?attachment_id=1081\" class=\"wp-image-1081\" srcset=\"http:\/\/www.vegamakina.com\/wp-content\/uploads\/2021\/12\/hazr-11.jpg 500w, http:\/\/www.vegamakina.com\/wp-content\/uploads\/2021\/12\/hazr-11-250x300.jpg 250w\" sizes=\"auto, (max-width: 500px) 100vw, 500px\" \/><\/figure><\/li><li class=\"blocks-gallery-item\"><figure><img loading=\"lazy\" decoding=\"async\" width=\"500\" height=\"600\" src=\"http:\/\/www.vegamakina.com\/wp-content\/uploads\/2021\/12\/hazr-12.jpg\" alt=\"\" data-id=\"1082\" data-full-url=\"http:\/\/www.vegamakina.com\/wp-content\/uploads\/2021\/12\/hazr-12.jpg\" data-link=\"http:\/\/www.vegamakina.com\/?attachment_id=1082\" class=\"wp-image-1082\" srcset=\"http:\/\/www.vegamakina.com\/wp-content\/uploads\/2021\/12\/hazr-12.jpg 500w, http:\/\/www.vegamakina.com\/wp-content\/uploads\/2021\/12\/hazr-12-250x300.jpg 250w\" sizes=\"auto, (max-width: 500px) 100vw, 500px\" \/><\/figure><\/li><li class=\"blocks-gallery-item\"><figure><img loading=\"lazy\" decoding=\"async\" width=\"500\" height=\"600\" src=\"http:\/\/www.vegamakina.com\/wp-content\/uploads\/2021\/12\/hazr-13.jpg\" alt=\"\" data-id=\"1083\" data-full-url=\"http:\/\/www.vegamakina.com\/wp-content\/uploads\/2021\/12\/hazr-13.jpg\" data-link=\"http:\/\/www.vegamakina.com\/?attachment_id=1083\" class=\"wp-image-1083\" srcset=\"http:\/\/www.vegamakina.com\/wp-content\/uploads\/2021\/12\/hazr-13.jpg 500w, http:\/\/www.vegamakina.com\/wp-content\/uploads\/2021\/12\/hazr-13-250x300.jpg 250w\" sizes=\"auto, (max-width: 500px) 100vw, 500px\" \/><\/figure><\/li><li class=\"blocks-gallery-item\"><figure><img loading=\"lazy\" decoding=\"async\" width=\"500\" height=\"600\" src=\"http:\/\/www.vegamakina.com\/wp-content\/uploads\/2021\/12\/hazr-14.jpg\" alt=\"\" data-id=\"1084\" data-full-url=\"http:\/\/www.vegamakina.com\/wp-content\/uploads\/2021\/12\/hazr-14.jpg\" data-link=\"http:\/\/www.vegamakina.com\/?attachment_id=1084\" class=\"wp-image-1084\" srcset=\"http:\/\/www.vegamakina.com\/wp-content\/uploads\/2021\/12\/hazr-14.jpg 500w, http:\/\/www.vegamakina.com\/wp-content\/uploads\/2021\/12\/hazr-14-250x300.jpg 250w\" sizes=\"auto, (max-width: 500px) 100vw, 500px\" \/><\/figure><\/li><li class=\"blocks-gallery-item\"><figure><img loading=\"lazy\" decoding=\"async\" width=\"500\" height=\"600\" src=\"http:\/\/www.vegamakina.com\/wp-content\/uploads\/2021\/12\/hazr-15.jpg\" alt=\"\" data-id=\"1085\" data-full-url=\"http:\/\/www.vegamakina.com\/wp-content\/uploads\/2021\/12\/hazr-15.jpg\" data-link=\"http:\/\/www.vegamakina.com\/?attachment_id=1085\" class=\"wp-image-1085\" srcset=\"http:\/\/www.vegamakina.com\/wp-content\/uploads\/2021\/12\/hazr-15.jpg 500w, http:\/\/www.vegamakina.com\/wp-content\/uploads\/2021\/12\/hazr-15-250x300.jpg 250w\" sizes=\"auto, (max-width: 500px) 100vw, 500px\" \/><\/figure><\/li><li class=\"blocks-gallery-item\"><figure><img loading=\"lazy\" decoding=\"async\" width=\"500\" height=\"600\" src=\"http:\/\/www.vegamakina.com\/wp-content\/uploads\/2021\/12\/hazr-16.jpg\" alt=\"\" data-id=\"1086\" data-full-url=\"http:\/\/www.vegamakina.com\/wp-content\/uploads\/2021\/12\/hazr-16.jpg\" data-link=\"http:\/\/www.vegamakina.com\/?attachment_id=1086\" class=\"wp-image-1086\" srcset=\"http:\/\/www.vegamakina.com\/wp-content\/uploads\/2021\/12\/hazr-16.jpg 500w, http:\/\/www.vegamakina.com\/wp-content\/uploads\/2021\/12\/hazr-16-250x300.jpg 250w\" sizes=\"auto, (max-width: 500px) 100vw, 500px\" \/><\/figure><\/li><li class=\"blocks-gallery-item\"><figure><img loading=\"lazy\" decoding=\"async\" width=\"480\" height=\"380\" src=\"http:\/\/www.vegamakina.com\/wp-content\/uploads\/2021\/12\/hazr-17.jpg\" alt=\"\" data-id=\"1087\" data-full-url=\"http:\/\/www.vegamakina.com\/wp-content\/uploads\/2021\/12\/hazr-17.jpg\" data-link=\"http:\/\/www.vegamakina.com\/?attachment_id=1087\" class=\"wp-image-1087\" srcset=\"http:\/\/www.vegamakina.com\/wp-content\/uploads\/2021\/12\/hazr-17.jpg 480w, http:\/\/www.vegamakina.com\/wp-content\/uploads\/2021\/12\/hazr-17-300x238.jpg 300w\" sizes=\"auto, (max-width: 480px) 100vw, 480px\" \/><\/figure><\/li><li class=\"blocks-gallery-item\"><figure><img loading=\"lazy\" decoding=\"async\" width=\"480\" height=\"380\" src=\"http:\/\/www.vegamakina.com\/wp-content\/uploads\/2021\/12\/hazr-18.jpg\" alt=\"\" data-id=\"1088\" data-full-url=\"http:\/\/www.vegamakina.com\/wp-content\/uploads\/2021\/12\/hazr-18.jpg\" data-link=\"http:\/\/www.vegamakina.com\/?attachment_id=1088\" class=\"wp-image-1088\" srcset=\"http:\/\/www.vegamakina.com\/wp-content\/uploads\/2021\/12\/hazr-18.jpg 480w, http:\/\/www.vegamakina.com\/wp-content\/uploads\/2021\/12\/hazr-18-300x238.jpg 300w\" sizes=\"auto, (max-width: 480px) 100vw, 480px\" \/><\/figure><\/li><li class=\"blocks-gallery-item\"><figure><img loading=\"lazy\" decoding=\"async\" width=\"500\" height=\"600\" src=\"http:\/\/www.vegamakina.com\/wp-content\/uploads\/2021\/12\/hazr-19.jpg\" alt=\"\" data-id=\"1089\" data-full-url=\"http:\/\/www.vegamakina.com\/wp-content\/uploads\/2021\/12\/hazr-19.jpg\" data-link=\"http:\/\/www.vegamakina.com\/?attachment_id=1089\" class=\"wp-image-1089\" srcset=\"http:\/\/www.vegamakina.com\/wp-content\/uploads\/2021\/12\/hazr-19.jpg 500w, http:\/\/www.vegamakina.com\/wp-content\/uploads\/2021\/12\/hazr-19-250x300.jpg 250w\" sizes=\"auto, (max-width: 500px) 100vw, 500px\" \/><\/figure><\/li><li class=\"blocks-gallery-item\"><figure><img loading=\"lazy\" decoding=\"async\" width=\"480\" height=\"380\" src=\"http:\/\/www.vegamakina.com\/wp-content\/uploads\/2021\/12\/hazr-20.jpg\" alt=\"\" data-id=\"1090\" data-full-url=\"http:\/\/www.vegamakina.com\/wp-content\/uploads\/2021\/12\/hazr-20.jpg\" data-link=\"http:\/\/www.vegamakina.com\/?attachment_id=1090\" class=\"wp-image-1090\" srcset=\"http:\/\/www.vegamakina.com\/wp-content\/uploads\/2021\/12\/hazr-20.jpg 480w, http:\/\/www.vegamakina.com\/wp-content\/uploads\/2021\/12\/hazr-20-300x238.jpg 300w\" sizes=\"auto, (max-width: 480px) 100vw, 480px\" \/><\/figure><\/li><li class=\"blocks-gallery-item\"><figure><img loading=\"lazy\" decoding=\"async\" width=\"480\" height=\"380\" src=\"http:\/\/www.vegamakina.com\/wp-content\/uploads\/2021\/12\/hazr-21.jpg\" alt=\"\" data-id=\"1091\" data-full-url=\"http:\/\/www.vegamakina.com\/wp-content\/uploads\/2021\/12\/hazr-21.jpg\" data-link=\"http:\/\/www.vegamakina.com\/?attachment_id=1091\" class=\"wp-image-1091\" srcset=\"http:\/\/www.vegamakina.com\/wp-content\/uploads\/2021\/12\/hazr-21.jpg 480w, http:\/\/www.vegamakina.com\/wp-content\/uploads\/2021\/12\/hazr-21-300x238.jpg 300w\" sizes=\"auto, (max-width: 480px) 100vw, 480px\" \/><\/figure><\/li><li class=\"blocks-gallery-item\"><figure><img loading=\"lazy\" decoding=\"async\" width=\"480\" height=\"380\" src=\"http:\/\/www.vegamakina.com\/wp-content\/uploads\/2021\/12\/hazr-22.jpg\" alt=\"\" data-id=\"1092\" data-full-url=\"http:\/\/www.vegamakina.com\/wp-content\/uploads\/2021\/12\/hazr-22.jpg\" data-link=\"http:\/\/www.vegamakina.com\/?attachment_id=1092\" class=\"wp-image-1092\" srcset=\"http:\/\/www.vegamakina.com\/wp-content\/uploads\/2021\/12\/hazr-22.jpg 480w, http:\/\/www.vegamakina.com\/wp-content\/uploads\/2021\/12\/hazr-22-300x238.jpg 300w\" sizes=\"auto, (max-width: 480px) 100vw, 480px\" \/><\/figure><\/li><li class=\"blocks-gallery-item\"><figure><img loading=\"lazy\" decoding=\"async\" width=\"480\" height=\"380\" src=\"http:\/\/www.vegamakina.com\/wp-content\/uploads\/2021\/12\/hazr-23.jpg\" alt=\"\" data-id=\"1093\" data-full-url=\"http:\/\/www.vegamakina.com\/wp-content\/uploads\/2021\/12\/hazr-23.jpg\" data-link=\"http:\/\/www.vegamakina.com\/?attachment_id=1093\" class=\"wp-image-1093\" srcset=\"http:\/\/www.vegamakina.com\/wp-content\/uploads\/2021\/12\/hazr-23.jpg 480w, http:\/\/www.vegamakina.com\/wp-content\/uploads\/2021\/12\/hazr-23-300x238.jpg 300w\" sizes=\"auto, (max-width: 480px) 100vw, 480px\" \/><\/figure><\/li><li class=\"blocks-gallery-item\"><figure><img loading=\"lazy\" decoding=\"async\" width=\"480\" height=\"380\" src=\"http:\/\/www.vegamakina.com\/wp-content\/uploads\/2021\/12\/hazr-24.jpg\" alt=\"\" data-id=\"1094\" data-full-url=\"http:\/\/www.vegamakina.com\/wp-content\/uploads\/2021\/12\/hazr-24.jpg\" data-link=\"http:\/\/www.vegamakina.com\/?attachment_id=1094\" class=\"wp-image-1094\" srcset=\"http:\/\/www.vegamakina.com\/wp-content\/uploads\/2021\/12\/hazr-24.jpg 480w, http:\/\/www.vegamakina.com\/wp-content\/uploads\/2021\/12\/hazr-24-300x238.jpg 300w\" sizes=\"auto, (max-width: 480px) 100vw, 480px\" \/><\/figure><\/li><li class=\"blocks-gallery-item\"><figure><img loading=\"lazy\" decoding=\"async\" width=\"480\" height=\"380\" src=\"http:\/\/www.vegamakina.com\/wp-content\/uploads\/2021\/12\/hazr-25.jpg\" alt=\"\" data-id=\"1095\" data-full-url=\"http:\/\/www.vegamakina.com\/wp-content\/uploads\/2021\/12\/hazr-25.jpg\" data-link=\"http:\/\/www.vegamakina.com\/?attachment_id=1095\" class=\"wp-image-1095\" srcset=\"http:\/\/www.vegamakina.com\/wp-content\/uploads\/2021\/12\/hazr-25.jpg 480w, http:\/\/www.vegamakina.com\/wp-content\/uploads\/2021\/12\/hazr-25-300x238.jpg 300w\" sizes=\"auto, (max-width: 480px) 100vw, 480px\" \/><\/figure><\/li><li class=\"blocks-gallery-item\"><figure><img loading=\"lazy\" decoding=\"async\" width=\"480\" height=\"380\" src=\"http:\/\/www.vegamakina.com\/wp-content\/uploads\/2021\/12\/hazr-26.jpg\" alt=\"\" data-id=\"1096\" data-full-url=\"http:\/\/www.vegamakina.com\/wp-content\/uploads\/2021\/12\/hazr-26.jpg\" data-link=\"http:\/\/www.vegamakina.com\/?attachment_id=1096\" class=\"wp-image-1096\" srcset=\"http:\/\/www.vegamakina.com\/wp-content\/uploads\/2021\/12\/hazr-26.jpg 480w, http:\/\/www.vegamakina.com\/wp-content\/uploads\/2021\/12\/hazr-26-300x238.jpg 300w\" sizes=\"auto, (max-width: 480px) 100vw, 480px\" \/><\/figure><\/li><li class=\"blocks-gallery-item\"><figure><img loading=\"lazy\" decoding=\"async\" width=\"480\" height=\"380\" src=\"http:\/\/www.vegamakina.com\/wp-content\/uploads\/2021\/12\/hazr-27.jpg\" alt=\"\" data-id=\"1097\" data-full-url=\"http:\/\/www.vegamakina.com\/wp-content\/uploads\/2021\/12\/hazr-27.jpg\" data-link=\"http:\/\/www.vegamakina.com\/?attachment_id=1097\" class=\"wp-image-1097\" srcset=\"http:\/\/www.vegamakina.com\/wp-content\/uploads\/2021\/12\/hazr-27.jpg 480w, http:\/\/www.vegamakina.com\/wp-content\/uploads\/2021\/12\/hazr-27-300x238.jpg 300w\" sizes=\"auto, (max-width: 480px) 100vw, 480px\" \/><\/figure><\/li><li class=\"blocks-gallery-item\"><figure><img loading=\"lazy\" decoding=\"async\" width=\"480\" height=\"380\" src=\"http:\/\/www.vegamakina.com\/wp-content\/uploads\/2021\/12\/hazr-28.jpg\" alt=\"\" data-id=\"1098\" data-full-url=\"http:\/\/www.vegamakina.com\/wp-content\/uploads\/2021\/12\/hazr-28.jpg\" data-link=\"http:\/\/www.vegamakina.com\/?attachment_id=1098\" class=\"wp-image-1098\" srcset=\"http:\/\/www.vegamakina.com\/wp-content\/uploads\/2021\/12\/hazr-28.jpg 480w, http:\/\/www.vegamakina.com\/wp-content\/uploads\/2021\/12\/hazr-28-300x238.jpg 300w\" sizes=\"auto, (max-width: 480px) 100vw, 480px\" \/><\/figure><\/li><li class=\"blocks-gallery-item\"><figure><img loading=\"lazy\" decoding=\"async\" width=\"480\" height=\"380\" src=\"http:\/\/www.vegamakina.com\/wp-content\/uploads\/2021\/12\/hazr-29.jpg\" alt=\"\" data-id=\"1099\" data-full-url=\"http:\/\/www.vegamakina.com\/wp-content\/uploads\/2021\/12\/hazr-29.jpg\" data-link=\"http:\/\/www.vegamakina.com\/?attachment_id=1099\" class=\"wp-image-1099\" srcset=\"http:\/\/www.vegamakina.com\/wp-content\/uploads\/2021\/12\/hazr-29.jpg 480w, http:\/\/www.vegamakina.com\/wp-content\/uploads\/2021\/12\/hazr-29-300x238.jpg 300w\" sizes=\"auto, (max-width: 480px) 100vw, 480px\" \/><\/figure><\/li><li class=\"blocks-gallery-item\"><figure><img loading=\"lazy\" decoding=\"async\" width=\"480\" height=\"380\" src=\"http:\/\/www.vegamakina.com\/wp-content\/uploads\/2021\/12\/hazr-30.jpg\" alt=\"\" data-id=\"1100\" data-full-url=\"http:\/\/www.vegamakina.com\/wp-content\/uploads\/2021\/12\/hazr-30.jpg\" data-link=\"http:\/\/www.vegamakina.com\/?attachment_id=1100\" class=\"wp-image-1100\" srcset=\"http:\/\/www.vegamakina.com\/wp-content\/uploads\/2021\/12\/hazr-30.jpg 480w, http:\/\/www.vegamakina.com\/wp-content\/uploads\/2021\/12\/hazr-30-300x238.jpg 300w\" sizes=\"auto, (max-width: 480px) 100vw, 480px\" \/><\/figure><\/li><li class=\"blocks-gallery-item\"><figure><img loading=\"lazy\" decoding=\"async\" width=\"480\" height=\"380\" src=\"http:\/\/www.vegamakina.com\/wp-content\/uploads\/2021\/12\/hazr-31.jpg\" alt=\"\" data-id=\"1101\" data-full-url=\"http:\/\/www.vegamakina.com\/wp-content\/uploads\/2021\/12\/hazr-31.jpg\" data-link=\"http:\/\/www.vegamakina.com\/?attachment_id=1101\" class=\"wp-image-1101\" srcset=\"http:\/\/www.vegamakina.com\/wp-content\/uploads\/2021\/12\/hazr-31.jpg 480w, http:\/\/www.vegamakina.com\/wp-content\/uploads\/2021\/12\/hazr-31-300x238.jpg 300w\" sizes=\"auto, (max-width: 480px) 100vw, 480px\" \/><\/figure><\/li><li class=\"blocks-gallery-item\"><figure><img loading=\"lazy\" decoding=\"async\" width=\"480\" height=\"380\" src=\"http:\/\/www.vegamakina.com\/wp-content\/uploads\/2021\/12\/hazr-32.jpg\" alt=\"\" data-id=\"1102\" data-full-url=\"http:\/\/www.vegamakina.com\/wp-content\/uploads\/2021\/12\/hazr-32.jpg\" data-link=\"http:\/\/www.vegamakina.com\/?attachment_id=1102\" class=\"wp-image-1102\" srcset=\"http:\/\/www.vegamakina.com\/wp-content\/uploads\/2021\/12\/hazr-32.jpg 480w, http:\/\/www.vegamakina.com\/wp-content\/uploads\/2021\/12\/hazr-32-300x238.jpg 300w\" sizes=\"auto, (max-width: 480px) 100vw, 480px\" \/><\/figure><\/li><li class=\"blocks-gallery-item\"><figure><img loading=\"lazy\" decoding=\"async\" width=\"480\" height=\"380\" src=\"http:\/\/www.vegamakina.com\/wp-content\/uploads\/2021\/12\/hazr-33.jpg\" alt=\"\" data-id=\"1103\" data-full-url=\"http:\/\/www.vegamakina.com\/wp-content\/uploads\/2021\/12\/hazr-33.jpg\" data-link=\"http:\/\/www.vegamakina.com\/?attachment_id=1103\" class=\"wp-image-1103\" srcset=\"http:\/\/www.vegamakina.com\/wp-content\/uploads\/2021\/12\/hazr-33.jpg 480w, http:\/\/www.vegamakina.com\/wp-content\/uploads\/2021\/12\/hazr-33-300x238.jpg 300w\" sizes=\"auto, (max-width: 480px) 100vw, 480px\" \/><\/figure><\/li><\/ul><\/figure>\n","protected":false},"excerpt":{"rendered":"<p>[vc_row wrap_container=&#8221;yes&#8221; section_text_color=&#8221;light&#8221; is_section=&#8221;yes&#8221; section_color_scale=&#8221;scale-6&#8243; remove_margin_top=&#8221;yes&#8221; remove_margin_bottom=&#8221;yes&#8221; remove_border=&#8221;yes&#8221; show_divider=&#8221;yes&#8221; divider_pos=&#8221;bottom&#8221; show_divider_icon=&#8221;yes&#8221; divider_icon_skin=&#8221;primary&#8221; divider_icon_style=&#8221;style-4&#8243; divider_icon=&#8221;fa fa-chevron-down&#8221;][vc_column 0=&#8221;&#8221;][vc_row_inner 0=&#8221;&#8221;][vc_column_inner width=&#8221;1\/6&#8243;][\/vc_column_inner][vc_column_inner width=&#8221;2\/3&#8243;][vc_custom_heading text=&#8221;Maschine&#8221; font_container=&#8221;tag:h1|text_align:center&#8221; use_theme_fonts=&#8221;yes&#8221; el_class=&#8221;text-uppercase&#8221;][\/vc_column_inner][vc_column_inner width=&#8221;1\/6&#8243;][\/vc_column_inner][\/vc_row_inner][vc_row_inner 0=&#8221;&#8221;][\/vc_row_inner][\/vc_column][\/vc_row][vc_row 0=&#8221;&#8221;][vc_column 0=&#8221;&#8221;][vc_column_text 0=&#8221;&#8221;][\/vc_column_text][\/vc_column][\/vc_row][vc_row 0=&#8221;&#8221;][vc_column 0=&#8221;&#8221;][vc_column_text 0=&#8221;&#8221;] [vc_row 0=&#8221;&#8221;][vc_column 0=&#8221;&#8221;][vc_custom_heading text=&#8221;Ihre Firma steht bei uns fest&#8221; font_container=&#8221;tag:h2|text_align:center&#8221; use_theme_fonts=&#8221;yes&#8221;][\/vc_column][\/vc_row][vc_row 0=&#8221;&#8221;][vc_column width=&#8221;1\/3&#8243;][vc_column_text 0=&#8221;&#8221;]1 ADET KRAFT VM 5230A 5 EKSEN CNC1 ADET SPINNER U-1520 [&hellip;]<\/p>\n","protected":false},"author":1,"featured_media":0,"parent":0,"menu_order":0,"comment_status":"closed","ping_status":"closed","template":"","meta":{"_mo_disable_npp":"","footnotes":""},"class_list":["post-936","page","type-page","status-publish","hentry"],"_links":{"self":[{"href":"http:\/\/www.vegamakina.com\/index.php?rest_route=\/wp\/v2\/pages\/936","targetHints":{"allow":["GET"]}}],"collection":[{"href":"http:\/\/www.vegamakina.com\/index.php?rest_route=\/wp\/v2\/pages"}],"about":[{"href":"http:\/\/www.vegamakina.com\/index.php?rest_route=\/wp\/v2\/types\/page"}],"author":[{"embeddable":true,"href":"http:\/\/www.vegamakina.com\/index.php?rest_route=\/wp\/v2\/users\/1"}],"replies":[{"embeddable":true,"href":"http:\/\/www.vegamakina.com\/index.php?rest_route=%2Fwp%2Fv2%2Fcomments&post=936"}],"version-history":[{"count":11,"href":"http:\/\/www.vegamakina.com\/index.php?rest_route=\/wp\/v2\/pages\/936\/revisions"}],"predecessor-version":[{"id":1231,"href":"http:\/\/www.vegamakina.com\/index.php?rest_route=\/wp\/v2\/pages\/936\/revisions\/1231"}],"wp:attachment":[{"href":"http:\/\/www.vegamakina.com\/index.php?rest_route=%2Fwp%2Fv2%2Fmedia&parent=936"}],"curies":[{"name":"wp","href":"https:\/\/api.w.org\/{rel}","templated":true}]}}