{"id":945,"date":"2016-08-04T16:39:10","date_gmt":"2016-08-04T16:39:10","guid":{"rendered":"http:\/\/www.vegamakina.com\/?page_id=945"},"modified":"2022-01-01T19:12:48","modified_gmt":"2022-01-01T16:12:48","slug":"ueber-uns","status":"publish","type":"page","link":"http:\/\/www.vegamakina.com\/?page_id=945&lang=de","title":{"rendered":"\u00dcber uns"},"content":{"rendered":"<p>[vc_row wrap_container=&#8221;yes&#8221; section_text_color=&#8221;light&#8221; is_section=&#8221;yes&#8221; section_color_scale=&#8221;scale-6&#8243; remove_margin_top=&#8221;yes&#8221; remove_margin_bottom=&#8221;yes&#8221; remove_border=&#8221;yes&#8221; show_divider=&#8221;yes&#8221; divider_pos=&#8221;bottom&#8221; show_divider_icon=&#8221;yes&#8221; divider_icon_skin=&#8221;primary&#8221; divider_icon_style=&#8221;style-4&#8243; divider_icon=&#8221;fa fa-chevron-down&#8221;][vc_column 0=&#8221;&#8221;][vc_row_inner 0=&#8221;&#8221;][vc_column_inner width=&#8221;1\/6&#8243;][\/vc_column_inner][vc_column_inner width=&#8221;2\/3&#8243;][vc_custom_heading text=&#8221;\u00dcber uns&#8221; font_container=&#8221;tag:h1|text_align:center&#8221; use_theme_fonts=&#8221;yes&#8221; el_class=&#8221;text-uppercase&#8221;][\/vc_column_inner][vc_column_inner width=&#8221;1\/6&#8243;][\/vc_column_inner][\/vc_row_inner][vc_row_inner 0=&#8221;&#8221;][\/vc_row_inner][\/vc_column][\/vc_row][vc_row 0=&#8221;&#8221;][vc_column 0=&#8221;&#8221;][vc_column_text 0=&#8221;&#8221;][\/vc_column_text][\/vc_column][\/vc_row][vc_row 0=&#8221;&#8221;][vc_column 0=&#8221;&#8221;][vc_column_text 0=&#8221;&#8221;]<\/p>\n<p>[vc_column][vc_column_text]Die Vega-Gruppe bietet Dienstleistungen in den Bereichen projektbasierte Spezialmaschinen, Haarformen, Automatisierung und Werbung. Die Vega-Gruppe wurde 2008 in Bursa Small Industrial Site unter dem Namen Vega Makina gegr\u00fcndet. Die Automatisierungsabteilung wurde gegr\u00fcndet, um die Bedeutung der Automatisierungsarbeiten in der Branche zu verstehen, und investiert weiterhin die f\u00fcr ihre Entwicklung erforderlichen Investitionen. Die Werbeabteilung wurde gegr\u00fcndet, um den Marktanteil zu erh\u00f6hen und Etiketten f\u00fcr vorhandene Maschinen und Formen herzustellen. Sie hat die Kraft der Anwesenheit von Maschinen und Anlagen und erfahrenem Personal f\u00fcr den Formenbau mitgenommen und ist in den Formensektor getreten. Sie macht mit Erfolg starke Schritte auf diesem Weg.[\/vc_column_text][\/vc_column][\/vc_row][vc_row wrap_container=&#8221;yes&#8221; is_section=&#8221;yes&#8221; section_skin=&#8221;parallax&#8221; remove_margin_top=&#8221;yes&#8221; remove_margin_bottom=&#8221;yes&#8221;][vc_column][vc_custom_heading text=&#8221;Qualit\u00e4tsverst\u00e4ndnis;&#8221; font_container=&#8221;tag:h2|text_align:center&#8221; use_theme_fonts=&#8221;yes&#8221; el_class=&#8221;m-t m-b-none&#8221;][vc_column_text]Als Vega-Gruppe halten wir unsere Abteilungen Machinery, Mold, Automation und Advertising f\u00fcr eine kontinuierliche Weiterentwicklung offen. Wir glauben, dass diese Entwicklung uns bei der Herstellung von qualitativ hochwertigen Produkten und der Kundenzufriedenheit zugute kommen wird.<\/p>\n<p>1- Um Zeit und Ressourcen in allen Prozessen von Anfang bis Ende zu sparen<br \/>\n2-Zur Unterst\u00fctzung der pers\u00f6nlichen Entwicklung unserer Mitarbeiter<br \/>\n3- Bestm\u00f6gliche und schnellste Reaktion auf die Erwartungen unserer Kunden und Gesch\u00e4ftspartner<br \/>\n4-Technologie und Techniken, die eng befolgt werden m\u00fcssen, um die Kontinuit\u00e4t der Produktvielfalt sicherzustellen<br \/>\n5- Beitrag zum Schutz der Umwelt durch Sensibilit\u00e4t f\u00fcr die Umwelt[\/vc_column_text][vc_row_inner el_class=&#8221;m-t-xl&#8221;][vc_column_inner width=&#8221;1\/3&#8243;]<div class=\"porto-content-box featured-boxes wpb_content_element  featured-boxes-style-6\" data-appear-animation=\"fadeInUp\"><div class=\"featured-box featured-box-primary featured-box-effect-6\"><div class=\"box-content\" style=\"\"><i class=\"icon-featured Simple-Line-Icons-bulb\"><\/i>[vc_custom_heading text=&#8221;Verschiedene Produktgam&#8221; font_container=&#8221;tag:h4|text_align:center&#8221; use_theme_fonts=&#8221;yes&#8221; el_class=&#8221;m-b-sm&#8221;][vc_column_text el_class=&#8221;m-b-md&#8221;]Unser Unternehmen verf\u00fcgt \u00fcber eine breite Produktpalette f\u00fcr die Automatisierung von Maschinenwerkzeugen und den Werbesektor.[\/vc_column_text]<\/div><\/div><\/div>[\/vc_column_inner][vc_column_inner width=&#8221;1\/3&#8243;]<div class=\"porto-content-box featured-boxes wpb_content_element  featured-boxes-style-6\" data-appear-animation=\"fadeInUp\" data-appear-animation-delay=\"300\"><div class=\"featured-box featured-box-primary featured-box-effect-6\"><div class=\"box-content\" style=\"\"><i class=\"icon-featured Simple-Line-Icons-puzzle\"><\/i>[vc_custom_heading text=&#8221;Angemessener Preis&#8221; font_container=&#8221;tag:h4|text_align:center&#8221; use_theme_fonts=&#8221;yes&#8221; el_class=&#8221;m-b-sm&#8221;][vc_column_text el_class=&#8221;m-b-md&#8221;]Nach unserem kunden.[\/vc_column_text]<\/div><\/div><\/div>[\/vc_column_inner][vc_column_inner width=&#8221;1\/3&#8243;]<div class=\"porto-content-box featured-boxes wpb_content_element  featured-boxes-style-6\" data-appear-animation=\"fadeInUp\" data-appear-animation-delay=\"600\"><div class=\"featured-box featured-box-primary featured-box-effect-6\"><div class=\"box-content\" style=\"\"><i class=\"icon-featured Simple-Line-Icons-rocket\"><\/i>[vc_custom_heading text=&#8221;Technischer Support&#8221; font_container=&#8221;tag:h4|text_align:center&#8221; use_theme_fonts=&#8221;yes&#8221; el_class=&#8221;m-b-sm&#8221;][vc_column_text el_class=&#8221;m-b-md&#8221;]Unser technischer Support f\u00fcr unsere gelieferten Produkte geht weiter. Dank unserer schnellen Eingriffe \u00fcberzeugen wir unsere Kunden.[\/vc_column_text]<\/div><\/div><\/div>[\/vc_column_inner][\/vc_row_inner][\/vc_column][\/vc_row]<\/p>\n","protected":false},"excerpt":{"rendered":"<p>[vc_row wrap_container=&#8221;yes&#8221; section_text_color=&#8221;light&#8221; is_section=&#8221;yes&#8221; section_color_scale=&#8221;scale-6&#8243; remove_margin_top=&#8221;yes&#8221; remove_margin_bottom=&#8221;yes&#8221; remove_border=&#8221;yes&#8221; show_divider=&#8221;yes&#8221; divider_pos=&#8221;bottom&#8221; show_divider_icon=&#8221;yes&#8221; divider_icon_skin=&#8221;primary&#8221; divider_icon_style=&#8221;style-4&#8243; divider_icon=&#8221;fa fa-chevron-down&#8221;][vc_column 0=&#8221;&#8221;][vc_row_inner 0=&#8221;&#8221;][vc_column_inner width=&#8221;1\/6&#8243;][\/vc_column_inner][vc_column_inner width=&#8221;2\/3&#8243;][vc_custom_heading text=&#8221;\u00dcber uns&#8221; font_container=&#8221;tag:h1|text_align:center&#8221; use_theme_fonts=&#8221;yes&#8221; el_class=&#8221;text-uppercase&#8221;][\/vc_column_inner][vc_column_inner width=&#8221;1\/6&#8243;][\/vc_column_inner][\/vc_row_inner][vc_row_inner 0=&#8221;&#8221;][\/vc_row_inner][\/vc_column][\/vc_row][vc_row 0=&#8221;&#8221;][vc_column 0=&#8221;&#8221;][vc_column_text 0=&#8221;&#8221;][\/vc_column_text][\/vc_column][\/vc_row][vc_row 0=&#8221;&#8221;][vc_column 0=&#8221;&#8221;][vc_column_text 0=&#8221;&#8221;] [vc_column][vc_column_text]Die Vega-Gruppe bietet Dienstleistungen in den Bereichen projektbasierte Spezialmaschinen, Haarformen, Automatisierung und Werbung. Die Vega-Gruppe wurde 2008 in Bursa Small Industrial Site unter [&hellip;]<\/p>\n","protected":false},"author":1,"featured_media":0,"parent":0,"menu_order":0,"comment_status":"closed","ping_status":"closed","template":"","meta":{"_mo_disable_npp":"","footnotes":""},"class_list":["post-945","page","type-page","status-publish","hentry"],"_links":{"self":[{"href":"http:\/\/www.vegamakina.com\/index.php?rest_route=\/wp\/v2\/pages\/945","targetHints":{"allow":["GET"]}}],"collection":[{"href":"http:\/\/www.vegamakina.com\/index.php?rest_route=\/wp\/v2\/pages"}],"about":[{"href":"http:\/\/www.vegamakina.com\/index.php?rest_route=\/wp\/v2\/types\/page"}],"author":[{"embeddable":true,"href":"http:\/\/www.vegamakina.com\/index.php?rest_route=\/wp\/v2\/users\/1"}],"replies":[{"embeddable":true,"href":"http:\/\/www.vegamakina.com\/index.php?rest_route=%2Fwp%2Fv2%2Fcomments&post=945"}],"version-history":[{"count":3,"href":"http:\/\/www.vegamakina.com\/index.php?rest_route=\/wp\/v2\/pages\/945\/revisions"}],"predecessor-version":[{"id":1183,"href":"http:\/\/www.vegamakina.com\/index.php?rest_route=\/wp\/v2\/pages\/945\/revisions\/1183"}],"wp:attachment":[{"href":"http:\/\/www.vegamakina.com\/index.php?rest_route=%2Fwp%2Fv2%2Fmedia&parent=945"}],"curies":[{"name":"wp","href":"https:\/\/api.w.org\/{rel}","templated":true}]}}